{"id":492,"date":"2025-06-20T10:51:50","date_gmt":"2025-06-20T14:51:50","guid":{"rendered":"https:\/\/industrialrubber.ca\/cookie-policy\/"},"modified":"2026-01-08T14:07:17","modified_gmt":"2026-01-08T19:07:17","slug":"politique-de-temoins","status":"publish","type":"page","link":"https:\/\/industrialrubber.ca\/fr\/politique-de-temoins\/","title":{"rendered":"Politique de t\u00e9moins"},"content":{"rendered":"[vc_row type=\u00a0\u00bbin_container\u00a0\u00bb full_screen_row_position=\u00a0\u00bbmiddle\u00a0\u00bb column_margin=\u00a0\u00bbdefault\u00a0\u00bb column_direction=\u00a0\u00bbdefault\u00a0\u00bb column_direction_tablet=\u00a0\u00bbdefault\u00a0\u00bb column_direction_phone=\u00a0\u00bbdefault\u00a0\u00bb scene_position=\u00a0\u00bbcenter\u00a0\u00bb text_color=\u00a0\u00bbdark\u00a0\u00bb text_align=\u00a0\u00bbleft\u00a0\u00bb row_border_radius=\u00a0\u00bbnone\u00a0\u00bb row_border_radius_applies=\u00a0\u00bbbg\u00a0\u00bb row_position_desktop=\u00a0\u00bbdefault\u00a0\u00bb row_position_tablet=\u00a0\u00bbinherit\u00a0\u00bb row_position_phone=\u00a0\u00bbinherit\u00a0\u00bb overflow=\u00a0\u00bbvisible\u00a0\u00bb overlay_strength=\u00a0\u00bb0.3&Prime; gradient_direction=\u00a0\u00bbleft_to_right\u00a0\u00bb shape_divider_position=\u00a0\u00bbbottom\u00a0\u00bb bg_image_animation=\u00a0\u00bbnone\u00a0\u00bb][vc_column column_padding=\u00a0\u00bbno-extra-padding\u00a0\u00bb column_padding_tablet=\u00a0\u00bbinherit\u00a0\u00bb column_padding_phone=\u00a0\u00bbinherit\u00a0\u00bb column_padding_position=\u00a0\u00bball\u00a0\u00bb flex_gap_desktop=\u00a0\u00bb10px\u00a0\u00bb column_element_direction_desktop=\u00a0\u00bbdefault\u00a0\u00bb column_element_spacing=\u00a0\u00bbdefault\u00a0\u00bb desktop_text_alignment=\u00a0\u00bbdefault\u00a0\u00bb tablet_text_alignment=\u00a0\u00bbdefault\u00a0\u00bb phone_text_alignment=\u00a0\u00bbdefault\u00a0\u00bb background_color_opacity=\u00a0\u00bb1&Prime; background_hover_color_opacity=\u00a0\u00bb1&Prime; column_backdrop_filter=\u00a0\u00bbnone\u00a0\u00bb column_shadow=\u00a0\u00bbnone\u00a0\u00bb column_border_radius=\u00a0\u00bbnone\u00a0\u00bb column_link_target=\u00a0\u00bb_self\u00a0\u00bb column_position=\u00a0\u00bbdefault\u00a0\u00bb gradient_direction=\u00a0\u00bbleft_to_right\u00a0\u00bb overlay_strength=\u00a0\u00bb0.3&Prime; width=\u00a0\u00bb1\/1&Prime; tablet_width_inherit=\u00a0\u00bbdefault\u00a0\u00bb animation_type=\u00a0\u00bbdefault\u00a0\u00bb bg_image_animation=\u00a0\u00bbnone\u00a0\u00bb border_type=\u00a0\u00bbsimple\u00a0\u00bb column_border_width=\u00a0\u00bbnone\u00a0\u00bb column_border_style=\u00a0\u00bbsolid\u00a0\u00bb][vc_column_text css=\u00a0\u00bb\u00a0\u00bb el_class=\u00a0\u00bbgros_titre_h1&Prime; text_direction=\u00a0\u00bbdefault\u00a0\u00bb]\n<h1>Politique de t\u00e9moins<\/h1>\n<p>Politique relative aux cookies Industrial Rubber Company Ltd. (<a href=\"https:\/\/industrialrubber.ca\/fr\/\">https:\/\/industrialrubber.ca\/fr\/<\/a>)<\/p>\n<h1>Introduction<\/h1>\n<p>Bienvenue sur Industrial Rubber Company Ltd. Cette Politique relative aux cookies explique comment nous utilisons les cookies et les technologies similaires sur notre site web, www.industrialrubberco.com. En utilisant notre site web, vous acceptez notre utilisation des cookies telle que d\u00e9crite dans cette politique.<\/p>\n<h2>Qu&rsquo;est-ce que les cookies ?<\/h2>\n<p>Les cookies sont de petits fichiers texte plac\u00e9s sur votre appareil lorsque vous visitez un site web. Ils sont largement utilis\u00e9s pour am\u00e9liorer l&rsquo;efficacit\u00e9 des sites web et pour fournir des informations aux propri\u00e9taires de sites web.<\/p>\n<h2>Types de cookies que nous utilisons<\/h2>\n<p>Nous utilisons les types de cookies suivants :<\/p>\n<ul>\n<li><b>Cookies essentiels :<\/b> Ces cookies sont n\u00e9cessaires au bon fonctionnement du site web. Ils permettent la fonctionnalit\u00e9 de base, telle que la navigation des pages et l&rsquo;acc\u00e8s \u00e0 des zones s\u00e9curis\u00e9es du site. Vous ne pouvez pas refuser ces cookies.<\/li>\n<li><b>Cookies de performance :<\/b> Ces cookies nous permettent de compter les visites et les sources de trafic afin que nous puissions mesurer et am\u00e9liorer les performances de notre site web. Ils nous aident \u00e0 comprendre comment les visiteurs interagissent avec notre site web. Toutes les informations collect\u00e9es par ces cookies sont agr\u00e9g\u00e9es et anonymes.<\/li>\n<li><b>Cookies de fonctionnalit\u00e9 :<\/b> Ces cookies permettent \u00e0 notre site web de fournir une fonctionnalit\u00e9 am\u00e9lior\u00e9e et une personnalisation. Ils peuvent \u00eatre d\u00e9finis par nous ou par des fournisseurs tiers dont les services ont \u00e9t\u00e9 ajout\u00e9s \u00e0 nos pages.<\/li>\n<li><b>Cookies publicitaires\/cibl\u00e9s :<\/b> Nous utilisons ces cookies pour diffuser des publicit\u00e9s pertinentes pour vous et vos centres d&rsquo;int\u00e9r\u00eat. Ces cookies peuvent \u00eatre utilis\u00e9s pour diffuser des publicit\u00e9s cibl\u00e9es ou pour limiter le nombre de fois o\u00f9 vous voyez une publicit\u00e9. Ils peuvent \u00eatre plac\u00e9s par des r\u00e9seaux publicitaires ou par des plateformes de m\u00e9dias sociaux.<\/li>\n<\/ul>\n<h2>Cookies tiers<\/h2>\n<p>Nous pouvons utiliser des services tiers qui peuvent \u00e9galement utiliser des cookies pour fournir leur fonctionnalit\u00e9. Ces services incluent :<\/p>\n<p><b>Facebook Pixel :<\/b> Nous utilisons Facebook Pixel pour mesurer l&rsquo;efficacit\u00e9 de nos campagnes publicitaires et mieux comprendre les visiteurs de notre site web.<\/p>\n<p><b>YouTube :<\/b> Nous pouvons int\u00e9grer des vid\u00e9os de notre cha\u00eene YouTube officielle sur notre site web. YouTube peut d\u00e9finir des cookies sur votre appareil lorsque vous visitez une page avec des vid\u00e9os int\u00e9gr\u00e9es.<\/p>\n<p><b>Google Tag Manager :<\/b> Nous utilisons Google Tag Manager pour g\u00e9rer diverses balises et scripts sur notre site web. Il peut d\u00e9finir des cookies pour activer sa fonctionnalit\u00e9.<\/p>\n<p><b>Google Analytics :<\/b> Nous utilisons Google Analytics pour collecter des informations sur la mani\u00e8re dont les visiteurs utilisent notre site web. Ces informations sont utilis\u00e9es pour compiler des rapports et nous aider \u00e0 am\u00e9liorer notre site. Google Analytics peut d\u00e9finir des cookies sur votre appareil.<\/p>\n<h2>Gestion des cookies<\/h2>\n<p>Vous pouvez contr\u00f4ler et g\u00e9rer les cookies de diverses mani\u00e8res. Veuillez noter que la suppression ou le blocage des cookies peut avoir un impact sur votre exp\u00e9rience sur notre site web. Voici quelques options :<\/p>\n<p>La plupart des navigateurs web vous permettent de contr\u00f4ler les cookies via leurs param\u00e8tres. Pour en savoir plus sur les cookies, notamment comment voir quels cookies ont \u00e9t\u00e9 d\u00e9finis et comment les g\u00e9rer et les supprimer, visitez <a href=\"https:\/\/www.aboutcookies.org\" target=\"_blank\" rel=\"noopener\">www.aboutcookies.org<\/a>.<\/p>\n<p>Vous pouvez refuser le suivi de Google Analytics en installant le module compl\u00e9mentaire de navigateur Google Analytics Opt-out, disponible \u00e0 l&rsquo;adresse <a href=\"https:\/\/tools.google.com\/dlpage\/gaoptout\" target=\"_blank\" rel=\"noopener\">https:\/\/tools.google.com\/dlpage\/gaoptout<\/a>.<\/p>\n<p>Vous pouvez g\u00e9rer vos pr\u00e9f\u00e9rences publicitaires Facebook et d\u00e9sactiver certaines fonctionnalit\u00e9s publicitaires via les param\u00e8tres de votre compte Facebook.<\/p>\n<p>Pour en savoir plus sur l&rsquo;utilisation des cookies par YouTube, visitez <a href=\"https:\/\/policies.google.com\/technologies\/cookies\" target=\"_blank\" rel=\"noopener\">https:\/\/policies.google.com\/technologies\/cookies<\/a>.<\/p>\n<h2>Modifications de cette politique<\/h2>\n<p>Nous pouvons mettre \u00e0 jour notre Politique relative aux cookies de temps \u00e0 autre pour refl\u00e9ter les changements dans nos pratiques ou pour d&rsquo;autres raisons op\u00e9rationnelles, l\u00e9gales ou r\u00e9glementaires. Toutes les mises \u00e0 jour seront publi\u00e9es sur cette page avec la date de r\u00e9vision \u00ab\u00a0Derni\u00e8re mise \u00e0 jour\u00a0\u00bb.<\/p>\n<h2>Contactez-nous<\/h2>\n<p>Si vous avez des questions ou des pr\u00e9occupations concernant notre utilisation des cookies, veuillez nous contacter \u00e0 l&rsquo;adresse suivante : <a href=\"mailto:info@industrialrubber.ca\">info@industrialrubber.ca<\/a>[\/vc_column_text][\/vc_column][\/vc_row]\n","protected":false},"excerpt":{"rendered":"<p>[vc_row type=\u00a0\u00bbin_container\u00a0\u00bb full_screen_row_position=\u00a0\u00bbmiddle\u00a0\u00bb column_margin=\u00a0\u00bbdefault\u00a0\u00bb column_direction=\u00a0\u00bbdefault\u00a0\u00bb column_direction_tablet=\u00a0\u00bbdefault\u00a0\u00bb column_direction_phone=\u00a0\u00bbdefault\u00a0\u00bb scene_position=\u00a0\u00bbcenter\u00a0\u00bb text_color=\u00a0\u00bbdark\u00a0\u00bb text_align=\u00a0\u00bbleft\u00a0\u00bb row_border_radius=\u00a0\u00bbnone\u00a0\u00bb row_border_radius_applies=\u00a0\u00bbbg\u00a0\u00bb row_position_desktop=\u00a0\u00bbdefault\u00a0\u00bb row_position_tablet=\u00a0\u00bbinherit\u00a0\u00bb row_position_phone=\u00a0\u00bbinherit\u00a0\u00bb overflow=\u00a0\u00bbvisible\u00a0\u00bb overlay_strength=\u00a0\u00bb0.3&Prime; gradient_direction=\u00a0\u00bbleft_to_right\u00a0\u00bb shape_divider_position=\u00a0\u00bbbottom\u00a0\u00bb bg_image_animation=\u00a0\u00bbnone\u00a0\u00bb][vc_column column_padding=\u00a0\u00bbno-extra-padding\u00a0\u00bb column_padding_tablet=\u00a0\u00bbinherit\u00a0\u00bb column_padding_phone=\u00a0\u00bbinherit\u00a0\u00bb column_padding_position=\u00a0\u00bball\u00a0\u00bb flex_gap_desktop=\u00a0\u00bb10px\u00a0\u00bb column_element_direction_desktop=\u00a0\u00bbdefault\u00a0\u00bb column_element_spacing=\u00a0\u00bbdefault\u00a0\u00bb desktop_text_alignment=\u00a0\u00bbdefault\u00a0\u00bb tablet_text_alignment=\u00a0\u00bbdefault\u00a0\u00bb phone_text_alignment=\u00a0\u00bbdefault\u00a0\u00bb&#8230;<\/p>\n","protected":false},"author":1,"featured_media":0,"parent":0,"menu_order":0,"comment_status":"closed","ping_status":"closed","template":"page-politique-terms.php","meta":{"_acf_changed":false,"footnotes":""},"class_list":["post-492","page","type-page","status-publish"],"acf":[],"yoast_head":"<!-- This site is optimized with the Yoast SEO plugin v26.6 - https:\/\/yoast.com\/wordpress\/plugins\/seo\/ -->\n<title>Politique de t\u00e9moins - Industrial Rubber Company<\/title>\n<meta name=\"robots\" content=\"index, follow, max-snippet:-1, max-image-preview:large, max-video-preview:-1\" \/>\n<link rel=\"canonical\" href=\"https:\/\/industrialrubber.ca\/fr\/politique-de-temoins\/\" \/>\n<meta property=\"og:locale\" content=\"fr_FR\" \/>\n<meta property=\"og:type\" content=\"article\" \/>\n<meta property=\"og:title\" content=\"Politique de t\u00e9moins - Industrial Rubber Company\" \/>\n<meta property=\"og:description\" content=\"[vc_row type=\u00a0\u00bbin_container\u00a0\u00bb full_screen_row_position=\u00a0\u00bbmiddle\u00a0\u00bb column_margin=\u00a0\u00bbdefault\u00a0\u00bb column_direction=\u00a0\u00bbdefault\u00a0\u00bb column_direction_tablet=\u00a0\u00bbdefault\u00a0\u00bb column_direction_phone=\u00a0\u00bbdefault\u00a0\u00bb scene_position=\u00a0\u00bbcenter\u00a0\u00bb text_color=\u00a0\u00bbdark\u00a0\u00bb text_align=\u00a0\u00bbleft\u00a0\u00bb row_border_radius=\u00a0\u00bbnone\u00a0\u00bb row_border_radius_applies=\u00a0\u00bbbg\u00a0\u00bb row_position_desktop=\u00a0\u00bbdefault\u00a0\u00bb row_position_tablet=\u00a0\u00bbinherit\u00a0\u00bb row_position_phone=\u00a0\u00bbinherit\u00a0\u00bb overflow=\u00a0\u00bbvisible\u00a0\u00bb overlay_strength=\u00a0\u00bb0.3&Prime; gradient_direction=\u00a0\u00bbleft_to_right\u00a0\u00bb shape_divider_position=\u00a0\u00bbbottom\u00a0\u00bb bg_image_animation=\u00a0\u00bbnone\u00a0\u00bb][vc_column column_padding=\u00a0\u00bbno-extra-padding\u00a0\u00bb column_padding_tablet=\u00a0\u00bbinherit\u00a0\u00bb column_padding_phone=\u00a0\u00bbinherit\u00a0\u00bb column_padding_position=\u00a0\u00bball\u00a0\u00bb flex_gap_desktop=\u00a0\u00bb10px\u00a0\u00bb column_element_direction_desktop=\u00a0\u00bbdefault\u00a0\u00bb column_element_spacing=\u00a0\u00bbdefault\u00a0\u00bb desktop_text_alignment=\u00a0\u00bbdefault\u00a0\u00bb tablet_text_alignment=\u00a0\u00bbdefault\u00a0\u00bb phone_text_alignment=\u00a0\u00bbdefault\u00a0\u00bb...\" \/>\n<meta property=\"og:url\" content=\"https:\/\/industrialrubber.ca\/fr\/politique-de-temoins\/\" \/>\n<meta property=\"og:site_name\" content=\"Industrial Rubber Company\" \/>\n<meta property=\"article:modified_time\" content=\"2026-01-08T19:07:17+00:00\" \/>\n<meta name=\"twitter:card\" content=\"summary_large_image\" \/>\n<meta name=\"twitter:label1\" content=\"Dur\u00e9e de lecture estim\u00e9e\" \/>\n\t<meta name=\"twitter:data1\" content=\"3 minutes\" \/>\n<script type=\"application\/ld+json\" class=\"yoast-schema-graph\">{\"@context\":\"https:\/\/schema.org\",\"@graph\":[{\"@type\":\"WebPage\",\"@id\":\"https:\/\/industrialrubber.ca\/fr\/politique-de-temoins\/\",\"url\":\"https:\/\/industrialrubber.ca\/fr\/politique-de-temoins\/\",\"name\":\"Politique de t\u00e9moins - Industrial Rubber Company\",\"isPartOf\":{\"@id\":\"https:\/\/industrialrubber.ca\/fr\/#website\"},\"datePublished\":\"2025-06-20T14:51:50+00:00\",\"dateModified\":\"2026-01-08T19:07:17+00:00\",\"breadcrumb\":{\"@id\":\"https:\/\/industrialrubber.ca\/fr\/politique-de-temoins\/#breadcrumb\"},\"inLanguage\":\"fr-FR\",\"potentialAction\":[{\"@type\":\"ReadAction\",\"target\":[\"https:\/\/industrialrubber.ca\/fr\/politique-de-temoins\/\"]}]},{\"@type\":\"BreadcrumbList\",\"@id\":\"https:\/\/industrialrubber.ca\/fr\/politique-de-temoins\/#breadcrumb\",\"itemListElement\":[{\"@type\":\"ListItem\",\"position\":1,\"name\":\"Home\",\"item\":\"https:\/\/industrialrubber.ca\/fr\/\"},{\"@type\":\"ListItem\",\"position\":2,\"name\":\"Politique de t\u00e9moins\"}]},{\"@type\":\"WebSite\",\"@id\":\"https:\/\/industrialrubber.ca\/fr\/#website\",\"url\":\"https:\/\/industrialrubber.ca\/fr\/\",\"name\":\"Industrial Rubber Company\",\"description\":\"\",\"potentialAction\":[{\"@type\":\"SearchAction\",\"target\":{\"@type\":\"EntryPoint\",\"urlTemplate\":\"https:\/\/industrialrubber.ca\/fr\/?s={search_term_string}\"},\"query-input\":{\"@type\":\"PropertyValueSpecification\",\"valueRequired\":true,\"valueName\":\"search_term_string\"}}],\"inLanguage\":\"fr-FR\"}]}<\/script>\n<!-- \/ Yoast SEO plugin. -->","yoast_head_json":{"title":"Politique de t\u00e9moins - Industrial Rubber Company","robots":{"index":"index","follow":"follow","max-snippet":"max-snippet:-1","max-image-preview":"max-image-preview:large","max-video-preview":"max-video-preview:-1"},"canonical":"https:\/\/industrialrubber.ca\/fr\/politique-de-temoins\/","og_locale":"fr_FR","og_type":"article","og_title":"Politique de t\u00e9moins - Industrial Rubber Company","og_description":"[vc_row type=\u00a0\u00bbin_container\u00a0\u00bb full_screen_row_position=\u00a0\u00bbmiddle\u00a0\u00bb column_margin=\u00a0\u00bbdefault\u00a0\u00bb column_direction=\u00a0\u00bbdefault\u00a0\u00bb column_direction_tablet=\u00a0\u00bbdefault\u00a0\u00bb column_direction_phone=\u00a0\u00bbdefault\u00a0\u00bb scene_position=\u00a0\u00bbcenter\u00a0\u00bb text_color=\u00a0\u00bbdark\u00a0\u00bb text_align=\u00a0\u00bbleft\u00a0\u00bb row_border_radius=\u00a0\u00bbnone\u00a0\u00bb row_border_radius_applies=\u00a0\u00bbbg\u00a0\u00bb row_position_desktop=\u00a0\u00bbdefault\u00a0\u00bb row_position_tablet=\u00a0\u00bbinherit\u00a0\u00bb row_position_phone=\u00a0\u00bbinherit\u00a0\u00bb overflow=\u00a0\u00bbvisible\u00a0\u00bb overlay_strength=\u00a0\u00bb0.3&Prime; gradient_direction=\u00a0\u00bbleft_to_right\u00a0\u00bb shape_divider_position=\u00a0\u00bbbottom\u00a0\u00bb bg_image_animation=\u00a0\u00bbnone\u00a0\u00bb][vc_column column_padding=\u00a0\u00bbno-extra-padding\u00a0\u00bb column_padding_tablet=\u00a0\u00bbinherit\u00a0\u00bb column_padding_phone=\u00a0\u00bbinherit\u00a0\u00bb column_padding_position=\u00a0\u00bball\u00a0\u00bb flex_gap_desktop=\u00a0\u00bb10px\u00a0\u00bb column_element_direction_desktop=\u00a0\u00bbdefault\u00a0\u00bb column_element_spacing=\u00a0\u00bbdefault\u00a0\u00bb desktop_text_alignment=\u00a0\u00bbdefault\u00a0\u00bb tablet_text_alignment=\u00a0\u00bbdefault\u00a0\u00bb phone_text_alignment=\u00a0\u00bbdefault\u00a0\u00bb...","og_url":"https:\/\/industrialrubber.ca\/fr\/politique-de-temoins\/","og_site_name":"Industrial Rubber Company","article_modified_time":"2026-01-08T19:07:17+00:00","twitter_card":"summary_large_image","twitter_misc":{"Dur\u00e9e de lecture estim\u00e9e":"3 minutes"},"schema":{"@context":"https:\/\/schema.org","@graph":[{"@type":"WebPage","@id":"https:\/\/industrialrubber.ca\/fr\/politique-de-temoins\/","url":"https:\/\/industrialrubber.ca\/fr\/politique-de-temoins\/","name":"Politique de t\u00e9moins - Industrial Rubber Company","isPartOf":{"@id":"https:\/\/industrialrubber.ca\/fr\/#website"},"datePublished":"2025-06-20T14:51:50+00:00","dateModified":"2026-01-08T19:07:17+00:00","breadcrumb":{"@id":"https:\/\/industrialrubber.ca\/fr\/politique-de-temoins\/#breadcrumb"},"inLanguage":"fr-FR","potentialAction":[{"@type":"ReadAction","target":["https:\/\/industrialrubber.ca\/fr\/politique-de-temoins\/"]}]},{"@type":"BreadcrumbList","@id":"https:\/\/industrialrubber.ca\/fr\/politique-de-temoins\/#breadcrumb","itemListElement":[{"@type":"ListItem","position":1,"name":"Home","item":"https:\/\/industrialrubber.ca\/fr\/"},{"@type":"ListItem","position":2,"name":"Politique de t\u00e9moins"}]},{"@type":"WebSite","@id":"https:\/\/industrialrubber.ca\/fr\/#website","url":"https:\/\/industrialrubber.ca\/fr\/","name":"Industrial Rubber Company","description":"","potentialAction":[{"@type":"SearchAction","target":{"@type":"EntryPoint","urlTemplate":"https:\/\/industrialrubber.ca\/fr\/?s={search_term_string}"},"query-input":{"@type":"PropertyValueSpecification","valueRequired":true,"valueName":"search_term_string"}}],"inLanguage":"fr-FR"}]}},"_links":{"self":[{"href":"https:\/\/industrialrubber.ca\/fr\/wp-json\/wp\/v2\/pages\/492","targetHints":{"allow":["GET"]}}],"collection":[{"href":"https:\/\/industrialrubber.ca\/fr\/wp-json\/wp\/v2\/pages"}],"about":[{"href":"https:\/\/industrialrubber.ca\/fr\/wp-json\/wp\/v2\/types\/page"}],"author":[{"embeddable":true,"href":"https:\/\/industrialrubber.ca\/fr\/wp-json\/wp\/v2\/users\/1"}],"replies":[{"embeddable":true,"href":"https:\/\/industrialrubber.ca\/fr\/wp-json\/wp\/v2\/comments?post=492"}],"version-history":[{"count":5,"href":"https:\/\/industrialrubber.ca\/fr\/wp-json\/wp\/v2\/pages\/492\/revisions"}],"predecessor-version":[{"id":1255,"href":"https:\/\/industrialrubber.ca\/fr\/wp-json\/wp\/v2\/pages\/492\/revisions\/1255"}],"wp:attachment":[{"href":"https:\/\/industrialrubber.ca\/fr\/wp-json\/wp\/v2\/media?parent=492"}],"curies":[{"name":"wp","href":"https:\/\/api.w.org\/{rel}","templated":true}]}}